{"id":4035,"date":"2020-09-28T08:24:41","date_gmt":"2020-09-28T08:24:41","guid":{"rendered":"https:\/\/amaya.redsun.design\/demo2\/?page_id=4035"},"modified":"2023-09-19T11:53:53","modified_gmt":"2023-09-19T09:53:53","slug":"contact","status":"publish","type":"page","link":"https:\/\/cafenomade.be\/index.php\/contact\/","title":{"rendered":"Contact"},"content":{"rendered":"\n<div class=\"wp-block-media-text alignfull is-stacked-on-mobile is-vertically-aligned-center\"><figure class=\"wp-block-media-text__media\"><img loading=\"lazy\" decoding=\"async\" width=\"1024\" height=\"1024\" src=\"https:\/\/cafenomade.be\/wp-content\/uploads\/2021\/11\/CFN-Web-Top-1024x1024.jpg\" alt=\"\" class=\"wp-image-4737 size-full\" srcset=\"https:\/\/cafenomade.be\/wp-content\/uploads\/2021\/11\/CFN-Web-Top-1024x1024.jpg 1024w, https:\/\/cafenomade.be\/wp-content\/uploads\/2021\/11\/CFN-Web-Top-300x300.jpg 300w, https:\/\/cafenomade.be\/wp-content\/uploads\/2021\/11\/CFN-Web-Top-150x150.jpg 150w, https:\/\/cafenomade.be\/wp-content\/uploads\/2021\/11\/CFN-Web-Top-768x768.jpg 768w, https:\/\/cafenomade.be\/wp-content\/uploads\/2021\/11\/CFN-Web-Top-800x800.jpg 800w, https:\/\/cafenomade.be\/wp-content\/uploads\/2021\/11\/CFN-Web-Top-560x560.jpg 560w, https:\/\/cafenomade.be\/wp-content\/uploads\/2021\/11\/CFN-Web-Top-250x250.jpg 250w, https:\/\/cafenomade.be\/wp-content\/uploads\/2021\/11\/CFN-Web-Top-120x120.jpg 120w, https:\/\/cafenomade.be\/wp-content\/uploads\/2021\/11\/CFN-Web-Top.jpg 1080w\" sizes=\"(max-width: 1024px) 100vw, 1024px\" \/><\/figure><div class=\"wp-block-media-text__content\">\n<h2 class=\"has-text-align-center wp-block-heading\">O\u00f9 nous trouver<\/h2>\n\n\n\n<p><\/p>\n\n\n\n<p class=\"has-text-align-center\"><strong>Contact<\/strong><\/p>\n\n\n\n<p class=\"has-text-align-center\">081 39 60 68<br>info@cafenomade.be<\/p>\n\n\n\n<p class=\"has-text-align-center\">51 Rue des Brasseurs<br>5000 Namur<\/p>\n\n\n\n<div class=\"wp-block-buttons is-content-justification-center is-layout-flex wp-block-buttons-is-layout-flex\">\n<div class=\"wp-block-button\"><a class=\"wp-block-button__link no-border-radius\" href=\"https:\/\/goo.gl\/maps\/8Hn4c9hbYetJg42p6\" target=\"_blank\" rel=\"noreferrer noopener\">voir le plan<\/a><\/div>\n<\/div>\n\n\n\n<div style=\"height:30px\" aria-hidden=\"true\" class=\"wp-block-spacer\"><\/div>\n\n\n\n<p class=\"has-text-align-center\"><strong>Quand<\/strong><\/p>\n\n\n\n<p class=\"has-text-align-center\"><meta charset=\"utf-8\">Du mercredi au lundi<br>Ferm\u00e9 le mardi<\/p>\n\n\n\n<p class=\"has-text-align-center\">Samedi<br>10h30 &#8211; 18h00<\/p>\n\n\n\n<p class=\"has-text-align-center\">Brunch<br>Jeudi &#8211; Lundi<br>10h30 &#8211; 13h30<br><br>Dimanche<br>10h30 &#8211; 15h00<\/p>\n<\/div><\/div>\n\n\n\n<div class=\"wp-block-media-text alignwide has-media-on-the-right is-stacked-on-mobile\"><figure class=\"wp-block-media-text__media\"><img loading=\"lazy\" decoding=\"async\" width=\"1024\" height=\"1024\" src=\"https:\/\/cafenomade.be\/wp-content\/uploads\/2021\/11\/CND-Carre-08-1024x1024.jpg\" alt=\"\" class=\"wp-image-4741 size-full\" srcset=\"https:\/\/cafenomade.be\/wp-content\/uploads\/2021\/11\/CND-Carre-08-1024x1024.jpg 1024w, https:\/\/cafenomade.be\/wp-content\/uploads\/2021\/11\/CND-Carre-08-300x300.jpg 300w, https:\/\/cafenomade.be\/wp-content\/uploads\/2021\/11\/CND-Carre-08-150x150.jpg 150w, https:\/\/cafenomade.be\/wp-content\/uploads\/2021\/11\/CND-Carre-08-768x768.jpg 768w, https:\/\/cafenomade.be\/wp-content\/uploads\/2021\/11\/CND-Carre-08-800x800.jpg 800w, https:\/\/cafenomade.be\/wp-content\/uploads\/2021\/11\/CND-Carre-08-560x560.jpg 560w, https:\/\/cafenomade.be\/wp-content\/uploads\/2021\/11\/CND-Carre-08-250x250.jpg 250w, https:\/\/cafenomade.be\/wp-content\/uploads\/2021\/11\/CND-Carre-08-120x120.jpg 120w, https:\/\/cafenomade.be\/wp-content\/uploads\/2021\/11\/CND-Carre-08.jpg 1080w\" sizes=\"(max-width: 1024px) 100vw, 1024px\" \/><\/figure><div class=\"wp-block-media-text__content\">\n<h2 class=\"has-text-align-center wp-block-heading\">Privatisation<\/h2>\n\n\n\n<p><\/p>\n\n\n\n<p class=\"has-text-align-center\"><strong>Notre espace est privatisable<\/strong><\/p>\n\n\n\n<p class=\"has-text-align-center\">Besoin de f\u00eater un \u00e9v\u00e9nement ? Une journ\u00e9e professionnelle ?<br>Notre espace est disponible en privatisation.<\/p>\n\n\n\n<p class=\"has-text-align-center\">La r\u00e9servation se fait via mail ou t\u00e9l\u00e9phone.<\/p>\n\n\n\n<div class=\"wp-block-buttons is-layout-flex wp-block-buttons-is-layout-flex\"><\/div>\n<\/div><\/div>\n\n\n\n<p><\/p>\n","protected":false},"excerpt":{"rendered":"O\u00f9 nous trouver Contact 081 39 60 68info@cafenomade.be 51 Rue des Brasseurs5000 Namur voir le plan Quand Du mercredi au lundiFerm\u00e9 le mardi Samedi10h30 ...","protected":false},"author":1,"featured_media":0,"parent":0,"menu_order":5,"comment_status":"closed","ping_status":"closed","template":"","meta":{"_monsterinsights_skip_tracking":false,"_monsterinsights_sitenote_active":false,"_monsterinsights_sitenote_note":"","_monsterinsights_sitenote_category":0,"footnotes":""},"aioseo_notices":[],"_links":{"self":[{"href":"https:\/\/cafenomade.be\/index.php\/wp-json\/wp\/v2\/pages\/4035"}],"collection":[{"href":"https:\/\/cafenomade.be\/index.php\/wp-json\/wp\/v2\/pages"}],"about":[{"href":"https:\/\/cafenomade.be\/index.php\/wp-json\/wp\/v2\/types\/page"}],"author":[{"embeddable":true,"href":"https:\/\/cafenomade.be\/index.php\/wp-json\/wp\/v2\/users\/1"}],"replies":[{"embeddable":true,"href":"https:\/\/cafenomade.be\/index.php\/wp-json\/wp\/v2\/comments?post=4035"}],"version-history":[{"count":15,"href":"https:\/\/cafenomade.be\/index.php\/wp-json\/wp\/v2\/pages\/4035\/revisions"}],"predecessor-version":[{"id":5162,"href":"https:\/\/cafenomade.be\/index.php\/wp-json\/wp\/v2\/pages\/4035\/revisions\/5162"}],"wp:attachment":[{"href":"https:\/\/cafenomade.be\/index.php\/wp-json\/wp\/v2\/media?parent=4035"}],"curies":[{"name":"wp","href":"https:\/\/api.w.org\/{rel}","templated":true}]}}