{"id":1305,"date":"2020-06-14T12:08:23","date_gmt":"2020-06-14T12:08:23","guid":{"rendered":"http:\/\/redhost:8888\/amaya\/?page_id=1305"},"modified":"2025-03-19T14:21:36","modified_gmt":"2025-03-19T13:21:36","slug":"apropos","status":"publish","type":"page","link":"https:\/\/cafenomade.be\/index.php\/apropos\/","title":{"rendered":"A propos"},"content":{"rendered":"\n\t<section id=\"contentboxes-mb-block-37d87758-0b6d-4840-9391-ddcbf8f8397d\" class=\"section section-contentboxes  alignfull \">\n\n\t\t<div class=\"contentboxes-wrap none\">\n\t\t\t\t\t<div class=\"contentboxes-masonry \">\n\n\t\t\t\t<div class=\"grid-sizer-contentboxes\"><\/div>\n\n\t\t\t\t\n\t\t\t\t<div class=\"content-box- contentboxes-image-wrap bg-none half-width square content-dark no-vertical-text has-content  \" data-aos=\"fade-up\" data-aos-delay=\"100\">\n\n\t\t\t\t\t<div class=\"contentboxes-image-wrap-inner\">\n\n\t\t\t\t\t\n\t\t\t\t\t\t<div class=\"contentboxes-zoom-wrap \">\n\t\t\t\t\t\t\n\t\t\t\t\t\t\n\t\t\t\t\t\t\n\t\t\t\t\t\t\t<div class=\"contentboxes-content-wrap centered-content contentboxes-content-center contentboxes-content-middle\"  >\n\n\t\t\t\t\t\t\t\t\t\t\t\t\t\t\t\t<div class=\"contentboxes-content section-content\">\n\t\t\t\t\t\t\t\t\t\t\t\t\t\t\t\t\t\t\t\t\t\t\t\t\t\t\t\t\t\t\t\t\t\t                \t<h1 class=\"contentboxes-content-item contentboxes-title\" data-aos=\"slide-up\" >Le caf\u00e9<\/h1>\n\t\t\t\t\t\t\t                \t\t\t\t\t\t\t                \t\t\t\t\t\t\t                \t<div class=\"contentboxes-content-item contentboxes-divider\" data-aos=\"fade-right\"><\/div>\n\t\t\t\t\t\t\t                \t\t\t\t\t\t\t                \t\t\t\t\t\t\t                \t<div class=\"contentboxes-content-item contentboxes-text\" data-aos=\"fade-right\" data-aos-delay=\"340\">Notre espace se veut intimiste et moderne. Autour d&rsquo;un showroom-boutique, nous proposons une atmosph\u00e8re calme et d\u00e9contract\u00e9e pour d\u00e9couvrir des produits locaux et des gourmandises r\u00e9confortantes.<\/div>\n\t\t\t\t\t\t\t                \t\t\t\t\t\t\t                \t\t\t\t\t\t        \t<\/div>\n\t\t\t\t\t\t        \t\n\t\t\t\t\t\t\t\t\t\t\t\t\t\n\t\t\t\t\t\t<\/div>\n\t\t\t\t\t<\/div>\n\t\t\t\t\t<\/div>\n\n\t\t\t\t\t\t   \t \n\t\t\t\t<\/div>\n\t\t\t\t\t\n\t\t\t\n\t\t\t\t<div class=\"content-box-4746 contentboxes-image-wrap bg-image half-width square content-white no-vertical-text has-content  \" data-aos=\"fade-up\" data-aos-delay=\"200\">\n\n\t\t\t\t\t<div class=\"contentboxes-image-wrap-inner\">\n\n\t\t\t\t\t\n\t\t\t\t\t\t<div class=\"contentboxes-zoom-wrap \">\n\t\t\t\t\t\t\n\t\t\t\t\t\t\t\t\t\t\t\t\t<div class=\"contentboxbgimage\" style=\"background-image: url(https:\/\/cafenomade.be\/wp-content\/uploads\/2021\/11\/CFN-Moelleux-03.jpg);\"><\/div> \n\t\t\t\t\t\t\t\t\t\t\t\t<div class=\"contentbox-overlay dark\">\n\t\t\t\t\t\t\n\t\t\t\t\t\t\t<div class=\"contentboxes-content-wrap centered-content contentboxes-content-center contentboxes-content-middle\"  >\n\n\t\t\t\t\t\t\t\t\t\t\t\t\t\t\t\t<div class=\"contentboxes-content section-content\">\n\t\t\t\t\t\t\t\t\t\t\t\t\t\t\t\t\t\t\t\t\t\t\t\t\t\t\t\t\t\t\t\t\t\t                \t<h4 class=\"contentboxes-content-item contentboxes-title\" data-aos=\"slide-up\" >Nous souhaitons simplement vous faire plaisir, \u00e0 vous et vos papilles<\/h4>\n\t\t\t\t\t\t\t                \t\t\t\t\t\t\t                \t\t\t\t\t\t\t                \t\t\t\t\t\t\t                \t\t\t\t\t\t        \t<\/div>\n\t\t\t\t\t\t        \t\n\t\t\t\t\t\t\t\t\t\t\t\t\t\t<\/div>\n\t\t\t\t\t\t\t\t\t\t\t\t\t\n\t\t\t\t\t\t<\/div>\n\t\t\t\t\t<\/div>\n\t\t\t\t\t<\/div>\n\n\t\t\t\t\t\t   \t \n\t\t\t\t<\/div>\n\t\t\t\t\t\n\t\t\t\t\t\t<\/div>\n\t\t\t\t<\/div>\n\n\t<\/section> \n\n\n\n\n<div style=\"height:100px\" aria-hidden=\"true\" class=\"wp-block-spacer\"><\/div>\n\n\n\n\t\t\t<span id=\"subtitle-mb-block-f7daa37d-e3a2-4348-8fa5-80b715c0fd5d\" class=\"subtitle  subtitle-block subtitle-above subtitle-center use-body-font\">notre concept<\/span>\n\t\n\n\n\n<h2 class=\"wp-block-heading has-text-align-center\">Une philosophie moderne<br>et intimiste<\/h2>\n\n\n\n\t<div id=\"divider-mb-block-20d9956f-1088-4efd-a2b6-0a3ce29310a9\" class=\"divider-block divider-center divider-vertical\"><\/div>\n\n\n\n\n<p class=\"has-text-align-center\">A l&rsquo;arri\u00e8re de la boutique Boreal et \u00e0 quelques pas du t\u00e9l\u00e9ph\u00e9rique,<br>notre espace vous plonge dans une ambiance hors du temps.<br>Vue Citadelle &amp; Sambre, profitez d&rsquo;une pause autour<br>d&rsquo;un caf\u00e9 torr\u00e9fi\u00e9 localement, de produits frais et maison.<\/p>\n\n\n\n<div style=\"height:90px\" aria-hidden=\"true\" class=\"wp-block-spacer\"><\/div>\n\n\n\n\t<section id=\"section-gallery-mb-block-98f7eecf-9352-4029-99c2-bcf7a07eccb8\" class=\"section section-gallery  alignfull \">\n\n\t\t<div class=\"gallery-wrap six\">\n\t\t\t\t\t<div class=\"gallery-images-masonry \">\n\n\t\t\t\t<div class=\"grid-sizer-gallery\"><\/div>\n\t\t\t\t\n\t\t\t\t\t\t<div class=\"gallery-image-wrap half-width square\" data-aos=\"fade-up\" data-aos-delay=\"100\">\n\n\t\t\t\t\t\t\t<div class=\"gallery-image-wrap-inner\">\n\n\t\t\t\t\t\t\t\t\t\t\t\t    \t\n\t\t\t\t\t\t\t\t\t<div class=\"gallery-image\" style=\"background-image: url(https:\/\/cafenomade.be\/wp-content\/uploads\/2021\/12\/CFN-Cafe.jpg);\"><\/div>\n\n\t\t\t\t\t\t\t\t\n\t\t\t\t\t\t\t<\/div>\n\t\t   \t \n\t\t\t\t\t\t<\/div>\n\t\t\t\t\t\t\n\t\t\t\t\n\t\t\t\n\t\t\t\t\t\t<div class=\"gallery-image-wrap quarter-width square\" data-aos=\"fade-up\" data-aos-delay=\"100\">\n\n\t\t\t\t\t\t\t<div class=\"gallery-image-wrap-inner\">\n\n\t\t\t\t\t\t\t\t\t\t\t\t    \t\n\t\t\t\t\t\t\t\t\t<div class=\"gallery-image\" style=\"background-image: url(https:\/\/cafenomade.be\/wp-content\/uploads\/2021\/12\/CFN-Ritchie-04.jpg);\"><\/div>\n\n\t\t\t\t\t\t\t\t\n\t\t\t\t\t\t\t<\/div>\n\t\t   \t \n\t\t\t\t\t\t<\/div>\n\t\t\t\t\t\t\n\t\t\t\t\n\t\t\t\n\t\t\t\t\t\t<div class=\"gallery-image-wrap quarter-width square\" data-aos=\"fade-up\" data-aos-delay=\"100\">\n\n\t\t\t\t\t\t\t<div class=\"gallery-image-wrap-inner\">\n\n\t\t\t\t\t\t\t\t\t\t\t\t    \t\n\t\t\t\t\t\t\t\t\t<div class=\"gallery-image\" style=\"background-image: url(https:\/\/cafenomade.be\/wp-content\/uploads\/2021\/12\/CFN-Cadres.jpg);\"><\/div>\n\n\t\t\t\t\t\t\t\t\n\t\t\t\t\t\t\t<\/div>\n\t\t   \t \n\t\t\t\t\t\t<\/div>\n\t\t\t\t\t\t\n\t\t\t\t\n\t\t\t\n\t\t\t\t\t\t<div class=\"gallery-image-wrap half-width half-height\" data-aos=\"fade-up\" data-aos-delay=\"100\">\n\n\t\t\t\t\t\t\t<div class=\"gallery-image-wrap-inner\">\n\n\t\t\t\t\t\t\t\t\t\t\t\t    \t\n\t\t\t\t\t\t\t\t\t<div class=\"gallery-image\" style=\"background-image: url(https:\/\/cafenomade.be\/wp-content\/uploads\/2021\/12\/CFN-Brownie.jpg);\"><\/div>\n\n\t\t\t\t\t\t\t\t\n\t\t\t\t\t\t\t<\/div>\n\t\t   \t \n\t\t\t\t\t\t<\/div>\n\t\t\t\t\t\t\n\t\t\t\t\n\t\t\t\t\t\t<\/div>\n\t\t\t\t<\/div>\n\t<\/section> \n\n\n\n<div style=\"height:100px\" aria-hidden=\"true\" class=\"wp-block-spacer\"><\/div>\n\n\n\n\t\t\t<span id=\"subtitle-mb-block-3adcf52d-ba18-4415-8d4b-60ce4cc01691\" class=\"subtitle  subtitle-block subtitle-above subtitle-center use-body-font\">notre histoire<\/span>\n\t\n\n\n\n<h2 class=\"wp-block-heading has-text-align-center\">Une boutique et un caf\u00e9<\/h2>\n\n\n\n\t<div id=\"divider-mb-block-5a1ad591-045f-4afd-8ae9-46f6eea4be8f\" class=\"divider-block divider-center divider-vertical\"><\/div>\n\n\n\n\n<p class=\"has-text-align-center\">Suite \u00e0 un d\u00e9sir de se lancer en centre-ville, nous avons cr\u00e9\u00e9 la boutique Boreal.<br>Souhaitant agrandir notre espace, nous avons am\u00e9nager un caf\u00e9 &#8211; showroom.<br>Profitant de l&rsquo;occasion de cr\u00e9er un v\u00e9ritable concept store, nous installons un espace caf\u00e9 en mixant nos diff\u00e9rents secteurs d&rsquo;activit\u00e9s et en proposant \u00e9galement du coworking en plein centre namurois.<\/p>\n\n\n\n<p class=\"has-text-align-center\"><br>L&rsquo;espace Caf\u00e9 Nomade est n\u00e9.<\/p>\n\n\n\n<div style=\"height:90px\" aria-hidden=\"true\" class=\"wp-block-spacer\"><\/div>\n\n\n\n\t<section id=\"contentboxes-mb-block-a26bbbb7-f1f1-42f4-a30b-cf1a66cd20d2\" class=\"section section-contentboxes  alignfull \">\n\n\t\t<div class=\"contentboxes-wrap none\">\n\t\t\t\t\t<div class=\"contentboxes-masonry \">\n\n\t\t\t\t<div class=\"grid-sizer-contentboxes\"><\/div>\n\n\t\t\t\t\n\t\t\t\t<div class=\"content-box-5274 contentboxes-image-wrap bg-image half-width square content-dark no-vertical-text no-content  \" data-aos=\"fade-up\" data-aos-delay=\"100\">\n\n\t\t\t\t\t<div class=\"contentboxes-image-wrap-inner\">\n\n\t\t\t\t\t\n\t\t\t\t\t\t<div class=\"contentboxes-zoom-wrap \">\n\t\t\t\t\t\t\n\t\t\t\t\t\t\t\t\t\t\t\t\t<div class=\"contentboxbgimage\" style=\"background-image: url(https:\/\/cafenomade.be\/wp-content\/uploads\/2025\/03\/DSC09790-1600x1600.jpg);\"><\/div> \n\t\t\t\t\t\t\t\t\t\t\t\t<div class=\"contentbox-overlay \">\n\t\t\t\t\t\t\n\t\t\t\t\t\t\t<div class=\"contentboxes-content-wrap centered-content  contentboxes-content-middle\"  >\n\n\t\t\t\t\t\t\t\t\n\t\t\t\t\t\t\t\t\t\t\t\t\t\t<\/div>\n\t\t\t\t\t\t\t\t\t\t\t\t\t\n\t\t\t\t\t\t<\/div>\n\t\t\t\t\t<\/div>\n\t\t\t\t\t<\/div>\n\n\t\t\t\t\t\t   \t \n\t\t\t\t<\/div>\n\t\t\t\t\t\n\t\t\t\n\t\t\t\t<div class=\"content-box- contentboxes-image-wrap  half-width uncropped  no-vertical-text has-content  \" data-aos=\"fade-up\" data-aos-delay=\"200\">\n\n\t\t\t\t\t<div class=\"contentboxes-image-wrap-inner\">\n\n\t\t\t\t\t\n\t\t\t\t\t\t<div class=\"contentboxes-zoom-wrap \">\n\t\t\t\t\t\t\n\t\t\t\t\t\t\n\t\t\t\t\t\t\n\t\t\t\t\t\t\t<div class=\"contentboxes-content-wrap centered-content contentboxes-content-center contentboxes-content-middle\"  >\n\n\t\t\t\t\t\t\t\t\t\t\t\t\t\t\t\t<div class=\"contentboxes-content section-content\">\n\t\t\t\t\t\t\t\t\t\t\t\t\t\t\t\t\t\t\t\t\t\t\t\t\t\t\t\t<div class=\"contentboxes-content-item contentboxes-subtitle subtitle-above use-body-font\" data-aos=\"fade-down\" data-aos-delay=\"100\">la boutique<\/div>\n\t\t\t\t\t\t\t\t\t\t\t\t\t\t\t\t\t\t\t\t\t\t\t\t\t                \t<h4 class=\"contentboxes-content-item contentboxes-title\" data-aos=\"slide-up\" >boreal est une boutique de d\u00e9coration murale et d&rsquo;int\u00e9rieur<\/h4>\n\t\t\t\t\t\t\t                \t\t\t\t\t\t\t                \t\t\t\t\t\t\t                \t<div class=\"contentboxes-content-item contentboxes-divider\" data-aos=\"fade-right\"><\/div>\n\t\t\t\t\t\t\t                \t\t\t\t\t\t\t                \t\t\t\t\t\t\t                \t<div class=\"contentboxes-content-item contentboxes-text\" data-aos=\"fade-right\" data-aos-delay=\"340\">Nous proposons un accompagnement pour l&rsquo;impression de tableau d\u00e9coratif et photographique autour de d\u00e9corations modernes et responsables.<\/div>\n\t\t\t\t\t\t\t                \t\t\t\t\t\t\t                \t\t\t\t\t\t\t                \t<div class=\"contentboxes-content-item contentboxes-button-wrap\">\n\t\t\t\t\t\t\t\t\t\t\t<a href=\"https:\/\/decoboreal.com\/\" class=\"contentboxes-button button  \" data-aos=\"fade-up\" data-aos-delay=\"380\">\n\t\t\t\t\t\t\t\t\t\t\td\u00e9couvrez la boutique\t\t\t\t\t\t\t\t\t\t\t<\/a>\n\t\t\t\t\t\t\t\t\t\t<\/div>\n\t\t\t\t\t\t\t                \t\t\t\t\t\t        \t<\/div>\n\t\t\t\t\t\t        \t\n\t\t\t\t\t\t\t\t\t\t\t\t\t\n\t\t\t\t\t\t<\/div>\n\t\t\t\t\t<\/div>\n\t\t\t\t\t<\/div>\n\n\t\t\t\t\t\t   \t \n\t\t\t\t<\/div>\n\t\t\t\t\t\n\t\t\t\t\t\t<\/div>\n\t\t\t\t<\/div>\n\n\t<\/section> \n\n","protected":false},"excerpt":{"rendered":"Une philosophie moderneet intimiste A l'arri\u00e8re de la boutique Boreal et \u00e0 quelques pas du t\u00e9l\u00e9ph\u00e9rique,notre espace vous plonge dans une ambiance hors du ...","protected":false},"author":1,"featured_media":0,"parent":0,"menu_order":12,"comment_status":"closed","ping_status":"closed","template":"","meta":{"_monsterinsights_skip_tracking":false,"_monsterinsights_sitenote_active":false,"_monsterinsights_sitenote_note":"","_monsterinsights_sitenote_category":0,"footnotes":""},"aioseo_notices":[],"_links":{"self":[{"href":"https:\/\/cafenomade.be\/index.php\/wp-json\/wp\/v2\/pages\/1305"}],"collection":[{"href":"https:\/\/cafenomade.be\/index.php\/wp-json\/wp\/v2\/pages"}],"about":[{"href":"https:\/\/cafenomade.be\/index.php\/wp-json\/wp\/v2\/types\/page"}],"author":[{"embeddable":true,"href":"https:\/\/cafenomade.be\/index.php\/wp-json\/wp\/v2\/users\/1"}],"replies":[{"embeddable":true,"href":"https:\/\/cafenomade.be\/index.php\/wp-json\/wp\/v2\/comments?post=1305"}],"version-history":[{"count":12,"href":"https:\/\/cafenomade.be\/index.php\/wp-json\/wp\/v2\/pages\/1305\/revisions"}],"predecessor-version":[{"id":5275,"href":"https:\/\/cafenomade.be\/index.php\/wp-json\/wp\/v2\/pages\/1305\/revisions\/5275"}],"wp:attachment":[{"href":"https:\/\/cafenomade.be\/index.php\/wp-json\/wp\/v2\/media?parent=1305"}],"curies":[{"name":"wp","href":"https:\/\/api.w.org\/{rel}","templated":true}]}}